{"id":4062,"date":"2026-01-14T08:25:56","date_gmt":"2026-01-14T08:25:56","guid":{"rendered":"http:\/\/fjarhusid.local\/services-2\/"},"modified":"2026-01-19T16:39:05","modified_gmt":"2026-01-19T16:39:05","slug":"services-2","status":"publish","type":"page","link":"https:\/\/fjarhusid.is\/en\/services-2\/","title":{"rendered":"Services"},"content":{"rendered":"\t\t<div data-elementor-type=\"wp-page\" data-elementor-id=\"4062\" class=\"elementor elementor-4062 elementor-3806\">\n\t\t\t\t<div class=\"elementor-element elementor-element-5eb2219e e-flex e-con-boxed e-con e-parent\" data-id=\"5eb2219e\" data-element_type=\"container\" data-e-type=\"container\">\n\t\t\t\t\t<div class=\"e-con-inner\">\n\t\t\t\t<div class=\"elementor-element elementor-element-25455655 elementor-widget elementor-widget-spacer\" data-id=\"25455655\" data-element_type=\"widget\" data-e-type=\"widget\" data-widget_type=\"spacer.default\">\n\t\t\t\t\t\t\t<div class=\"elementor-spacer\">\n\t\t\t<div class=\"elementor-spacer-inner\"><\/div>\n\t\t<\/div>\n\t\t\t\t\t\t<\/div>\n\t\t\t\t<div class=\"elementor-element elementor-element-56c52fe2 elementor-widget elementor-widget-spacer\" data-id=\"56c52fe2\" data-element_type=\"widget\" data-e-type=\"widget\" data-widget_type=\"spacer.default\">\n\t\t\t\t\t\t\t<div class=\"elementor-spacer\">\n\t\t\t<div class=\"elementor-spacer-inner\"><\/div>\n\t\t<\/div>\n\t\t\t\t\t\t<\/div>\n\t\t\t\t\t<\/div>\n\t\t\t\t<\/div>\n\t\t<div class=\"elementor-element elementor-element-3dd1bb2f e-flex e-con-boxed e-con e-parent\" data-id=\"3dd1bb2f\" data-element_type=\"container\" data-e-type=\"container\" data-settings=\"{&quot;background_background&quot;:&quot;classic&quot;}\">\n\t\t\t\t\t<div class=\"e-con-inner\">\n\t\t\t\t<div class=\"elementor-element elementor-element-4bd80f86 elementor-widget elementor-widget-heading\" data-id=\"4bd80f86\" data-element_type=\"widget\" data-e-type=\"widget\" data-widget_type=\"heading.default\">\n\t\t\t\t\t<h1 class=\"elementor-heading-title elementor-size-default\">Services<\/h1>\t\t\t\t<\/div>\n\t\t\t\t<div class=\"elementor-element elementor-element-2828473f elementor-widget__width-initial elementor-widget elementor-widget-text-editor\" data-id=\"2828473f\" data-element_type=\"widget\" data-e-type=\"widget\" data-widget_type=\"text-editor.default\">\n\t\t\t\t\t\t\t\t\t<p>Comprehensive accounting and audit services<\/p>\t\t\t\t\t\t\t\t<\/div>\n\t\t\t\t\t<\/div>\n\t\t\t\t<\/div>\n\t\t<div class=\"elementor-element elementor-element-57a0b22 e-flex e-con-boxed e-con e-parent\" data-id=\"57a0b22\" data-element_type=\"container\" data-e-type=\"container\" data-settings=\"{&quot;background_background&quot;:&quot;classic&quot;}\">\n\t\t\t\t\t<div class=\"e-con-inner\">\n\t\t\t\t<div class=\"elementor-element elementor-element-2ca3c355 elementor-widget elementor-widget-spacer\" data-id=\"2ca3c355\" data-element_type=\"widget\" data-e-type=\"widget\" data-widget_type=\"spacer.default\">\n\t\t\t\t\t\t\t<div class=\"elementor-spacer\">\n\t\t\t<div class=\"elementor-spacer-inner\"><\/div>\n\t\t<\/div>\n\t\t\t\t\t\t<\/div>\n\t\t<div class=\"elementor-element elementor-element-0e41a13 e-con-full e-flex e-con e-child\" data-id=\"0e41a13\" data-element_type=\"container\" data-e-type=\"container\" data-settings=\"{&quot;background_background&quot;:&quot;classic&quot;}\">\n\t\t\t\t<div class=\"elementor-element elementor-element-d428379 elementor-widget elementor-widget-spacer\" data-id=\"d428379\" data-element_type=\"widget\" data-e-type=\"widget\" data-widget_type=\"spacer.default\">\n\t\t\t\t\t\t\t<div class=\"elementor-spacer\">\n\t\t\t<div class=\"elementor-spacer-inner\"><\/div>\n\t\t<\/div>\n\t\t\t\t\t\t<\/div>\n\t\t\t\t<div class=\"elementor-element elementor-element-ae4c51d elementor-widget elementor-widget-heading\" data-id=\"ae4c51d\" data-element_type=\"widget\" data-e-type=\"widget\" data-widget_type=\"heading.default\">\n\t\t\t\t\t<h2 class=\"elementor-heading-title elementor-size-default\">Accounting and audit services that provide clarity<\/h2>\t\t\t\t<\/div>\n\t\t\t\t<div class=\"elementor-element elementor-element-bcabfdf elementor-widget elementor-widget-text-editor\" data-id=\"bcabfdf\" data-element_type=\"widget\" data-e-type=\"widget\" data-widget_type=\"text-editor.default\">\n\t\t\t\t\t\t\t\t\t<p>Accounting, payroll, financial statements, and audit services for businesses of all sizes and types.<\/p>\t\t\t\t\t\t\t\t<\/div>\n\t\t\t\t<\/div>\n\t\t\t\t\t<\/div>\n\t\t\t\t<\/div>\n\t\t<div class=\"elementor-element elementor-element-4efa64b e-flex e-con-boxed e-con e-parent\" data-id=\"4efa64b\" data-element_type=\"container\" data-e-type=\"container\" data-settings=\"{&quot;background_background&quot;:&quot;classic&quot;}\">\n\t\t\t\t\t<div class=\"e-con-inner\">\n\t\t<div class=\"elementor-element elementor-element-1cd3299 e-grid e-con-full e-con e-child\" data-id=\"1cd3299\" data-element_type=\"container\" data-e-type=\"container\" data-settings=\"{&quot;background_background&quot;:&quot;classic&quot;}\">\n\t\t\t\t<div class=\"elementor-element elementor-element-030fc53 elementor-position-inline-start service-card elementor-view-default elementor-mobile-position-block-start elementor-widget elementor-widget-icon-box\" data-id=\"030fc53\" data-element_type=\"widget\" data-e-type=\"widget\" data-widget_type=\"icon-box.default\">\n\t\t\t\t\t\t\t<div class=\"elementor-icon-box-wrapper\">\n\n\t\t\t\t\t\t<div class=\"elementor-icon-box-icon\">\n\t\t\t\t<span  class=\"elementor-icon\">\n\t\t\t\t<svg xmlns=\"http:\/\/www.w3.org\/2000\/svg\" viewBox=\"0 0 24 24\" fill=\"none\" stroke=\"#7A99AC\" stroke-width=\"2\" stroke-linecap=\"round\" stroke-linejoin=\"round\"><path d=\"M4 20V6a2 2 0 0 1 2-2h8v16\"><\/path><path d=\"M14 8h4a2 2 0 0 1 2 2v10\"><\/path><path d=\"M7 8h0M7 12h0M7 16h0\"><\/path><path d=\"M10 8h0M10 12h0M10 16h0\"><\/path><path d=\"M18 12v0\"><\/path><path d=\"M12 20v-3\"><\/path><path d=\"M19 4v4\"><\/path><path d=\"M17 6h4\"><\/path><\/svg>\t\t\t\t<\/span>\n\t\t\t<\/div>\n\t\t\t\n\t\t\t\t\t\t<div class=\"elementor-icon-box-content\">\n\n\t\t\t\t\t\t\t\t\t<h3 class=\"elementor-icon-box-title\">\n\t\t\t\t\t\t<span  >\n\t\t\t\t\t\t\tCompany formation \/ business structure\t\t\t\t\t\t<\/span>\n\t\t\t\t\t<\/h3>\n\t\t\t\t\n\t\t\t\t\t\t\t\t\t<p class=\"elementor-icon-box-description\">\n\t\t\t\t\t\tAssistance with company formation and all related matters.\t\t\t\t\t<\/p>\n\t\t\t\t\n\t\t\t<\/div>\n\t\t\t\n\t\t<\/div>\n\t\t\t\t\t\t<\/div>\n\t\t\t\t<div class=\"elementor-element elementor-element-c68e304 elementor-position-inline-start service-card elementor-view-default elementor-mobile-position-block-start elementor-widget elementor-widget-icon-box\" data-id=\"c68e304\" data-element_type=\"widget\" data-e-type=\"widget\" data-widget_type=\"icon-box.default\">\n\t\t\t\t\t\t\t<div class=\"elementor-icon-box-wrapper\">\n\n\t\t\t\t\t\t<div class=\"elementor-icon-box-icon\">\n\t\t\t\t<span  class=\"elementor-icon\">\n\t\t\t\t<svg xmlns=\"http:\/\/www.w3.org\/2000\/svg\" viewBox=\"0 0 24 24\" fill=\"none\" stroke=\"#7A99AC\" stroke-width=\"2\" stroke-linecap=\"round\" stroke-linejoin=\"round\"><path d=\"M6 4h10a2 2 0 0 1 2 2v14H8a2 2 0 0 0-2 2V4z\"><\/path><path d=\"M6 20a2 2 0 0 1 2-2h10\"><\/path><path d=\"M9 8h6\"><\/path><path d=\"M9 12h6\"><\/path><path d=\"M9 16h4\"><\/path><\/svg>\t\t\t\t<\/span>\n\t\t\t<\/div>\n\t\t\t\n\t\t\t\t\t\t<div class=\"elementor-icon-box-content\">\n\n\t\t\t\t\t\t\t\t\t<h3 class=\"elementor-icon-box-title\">\n\t\t\t\t\t\t<span  >\n\t\t\t\t\t\t\tAccounting &amp; payroll\t\t\t\t\t\t<\/span>\n\t\t\t\t\t<\/h3>\n\t\t\t\t\n\t\t\t\t\t\t\t\t\t<p class=\"elementor-icon-box-description\">\n\t\t\t\t\t\tCost-effective accounting services for businesses of all sizes and types. Payroll systems and payroll processing for businesses.\t\t\t\t\t<\/p>\n\t\t\t\t\n\t\t\t<\/div>\n\t\t\t\n\t\t<\/div>\n\t\t\t\t\t\t<\/div>\n\t\t\t\t<div class=\"elementor-element elementor-element-8951005 elementor-position-inline-start service-card elementor-view-default elementor-mobile-position-block-start elementor-widget elementor-widget-icon-box\" data-id=\"8951005\" data-element_type=\"widget\" data-e-type=\"widget\" data-widget_type=\"icon-box.default\">\n\t\t\t\t\t\t\t<div class=\"elementor-icon-box-wrapper\">\n\n\t\t\t\t\t\t<div class=\"elementor-icon-box-icon\">\n\t\t\t\t<span  class=\"elementor-icon\">\n\t\t\t\t<svg xmlns=\"http:\/\/www.w3.org\/2000\/svg\" viewBox=\"0 0 24 24\" fill=\"none\" stroke=\"#7A99AC\" stroke-width=\"2\" stroke-linecap=\"round\" stroke-linejoin=\"round\"><path d=\"M12 3c4 0 7 2 7 2v6c0 6-7 10-7 10S5 17 5 11V5s3-2 7-2z\"><\/path><path d=\"M8 11h8\"><\/path><path d=\"M10 8l-2 3 2 3\"><\/path><path d=\"M14 8l2 3-2 3\"><\/path><\/svg>\t\t\t\t<\/span>\n\t\t\t<\/div>\n\t\t\t\n\t\t\t\t\t\t<div class=\"elementor-icon-box-content\">\n\n\t\t\t\t\t\t\t\t\t<h3 class=\"elementor-icon-box-title\">\n\t\t\t\t\t\t<span  >\n\t\t\t\t\t\t\tTaxes &amp; filings\t\t\t\t\t\t<\/span>\n\t\t\t\t\t<\/h3>\n\t\t\t\t\n\t\t\t\t\t\t\t\t\t<p class=\"elementor-icon-box-description\">\n\t\t\t\t\t\tProfessional assistance with all tax filings, VAT, withholding tax, and related obligations.\t\t\t\t\t<\/p>\n\t\t\t\t\n\t\t\t<\/div>\n\t\t\t\n\t\t<\/div>\n\t\t\t\t\t\t<\/div>\n\t\t\t\t<div class=\"elementor-element elementor-element-86e5398 elementor-position-inline-start service-card elementor-view-default elementor-mobile-position-block-start elementor-widget elementor-widget-icon-box\" data-id=\"86e5398\" data-element_type=\"widget\" data-e-type=\"widget\" data-widget_type=\"icon-box.default\">\n\t\t\t\t\t\t\t<div class=\"elementor-icon-box-wrapper\">\n\n\t\t\t\t\t\t<div class=\"elementor-icon-box-icon\">\n\t\t\t\t<span  class=\"elementor-icon\">\n\t\t\t\t<svg xmlns=\"http:\/\/www.w3.org\/2000\/svg\" viewBox=\"0 0 24 24\" fill=\"none\" stroke=\"#7A99AC\" stroke-width=\"2\" stroke-linecap=\"round\" stroke-linejoin=\"round\"><path d=\"M7 3h7l3 3v15a2 2 0 0 1-2 2H7a2 2 0 0 1-2-2V5a2 2 0 0 1 2-2z\"><\/path><path d=\"M14 3v3h3\"><\/path><path d=\"M8 10h8\"><\/path><path d=\"M8 14h8\"><\/path><path d=\"M8 18h5\"><\/path><path d=\"M17 18h0\"><\/path><\/svg>\t\t\t\t<\/span>\n\t\t\t<\/div>\n\t\t\t\n\t\t\t\t\t\t<div class=\"elementor-icon-box-content\">\n\n\t\t\t\t\t\t\t\t\t<h3 class=\"elementor-icon-box-title\">\n\t\t\t\t\t\t<span  >\n\t\t\t\t\t\t\tElectronic invoicing\t\t\t\t\t\t<\/span>\n\t\t\t\t\t<\/h3>\n\t\t\t\t\n\t\t\t\t\t\t\t\t\t<p class=\"elementor-icon-box-description\">\n\t\t\t\t\t\tInvoice issuance and assistance with electronic invoicing and automation of workflows.\t\t\t\t\t<\/p>\n\t\t\t\t\n\t\t\t<\/div>\n\t\t\t\n\t\t<\/div>\n\t\t\t\t\t\t<\/div>\n\t\t\t\t<div class=\"elementor-element elementor-element-29104e6 elementor-position-inline-start service-card elementor-view-default elementor-mobile-position-block-start elementor-widget elementor-widget-icon-box\" data-id=\"29104e6\" data-element_type=\"widget\" data-e-type=\"widget\" data-widget_type=\"icon-box.default\">\n\t\t\t\t\t\t\t<div class=\"elementor-icon-box-wrapper\">\n\n\t\t\t\t\t\t<div class=\"elementor-icon-box-icon\">\n\t\t\t\t<span  class=\"elementor-icon\">\n\t\t\t\t<svg xmlns=\"http:\/\/www.w3.org\/2000\/svg\" viewBox=\"0 0 24 24\" fill=\"none\" stroke=\"#7A99AC\" stroke-width=\"2\" stroke-linecap=\"round\" stroke-linejoin=\"round\"><path d=\"M7 3h7l3 3v15a2 2 0 0 1-2 2H7a2 2 0 0 1-2-2V5a2 2 0 0 1 2-2z\"><\/path><path d=\"M14 3v3h3\"><\/path><path d=\"M8 16l3-3 2 2 3-4\"><\/path><path d=\"M8 19h8\"><\/path><\/svg>\t\t\t\t<\/span>\n\t\t\t<\/div>\n\t\t\t\n\t\t\t\t\t\t<div class=\"elementor-icon-box-content\">\n\n\t\t\t\t\t\t\t\t\t<h3 class=\"elementor-icon-box-title\">\n\t\t\t\t\t\t<span  >\n\t\t\t\t\t\t\tAudit &amp; financial statements\t\t\t\t\t\t<\/span>\n\t\t\t\t\t<\/h3>\n\t\t\t\t\n\t\t\t\t\t\t\t\t\t<p class=\"elementor-icon-box-description\">\n\t\t\t\t\t\tPreparation of annual financial statements and other statutory reports.\t\t\t\t\t<\/p>\n\t\t\t\t\n\t\t\t<\/div>\n\t\t\t\n\t\t<\/div>\n\t\t\t\t\t\t<\/div>\n\t\t\t\t<div class=\"elementor-element elementor-element-ae3268a elementor-position-inline-start service-card elementor-view-default elementor-mobile-position-block-start elementor-widget elementor-widget-icon-box\" data-id=\"ae3268a\" data-element_type=\"widget\" data-e-type=\"widget\" data-widget_type=\"icon-box.default\">\n\t\t\t\t\t\t\t<div class=\"elementor-icon-box-wrapper\">\n\n\t\t\t\t\t\t<div class=\"elementor-icon-box-icon\">\n\t\t\t\t<span  class=\"elementor-icon\">\n\t\t\t\t<svg xmlns=\"http:\/\/www.w3.org\/2000\/svg\" viewBox=\"0 0 24 24\" fill=\"none\" stroke=\"#7A99AC\" stroke-width=\"2\" stroke-linecap=\"round\" stroke-linejoin=\"round\"><path d=\"M9 3h6l2 2v16a2 2 0 0 1-2 2H9a2 2 0 0 1-2-2V5a2 2 0 0 1 2-2z\"><\/path><path d=\"M9 9h6\"><\/path><path d=\"M9 13h4\"><\/path><path d=\"M14.5 14.5l4-4\"><\/path><path d=\"M16 10.5l2.5 2.5\"><\/path><path d=\"M13.5 19.5l1-3 2 2-3 1z\"><\/path><\/svg>\t\t\t\t<\/span>\n\t\t\t<\/div>\n\t\t\t\n\t\t\t\t\t\t<div class=\"elementor-icon-box-content\">\n\n\t\t\t\t\t\t\t\t\t<h3 class=\"elementor-icon-box-title\">\n\t\t\t\t\t\t<span  >\n\t\t\t\t\t\t\tTax returns\t\t\t\t\t\t<\/span>\n\t\t\t\t\t<\/h3>\n\t\t\t\t\n\t\t\t\t\t\t\t\t\t<p class=\"elementor-icon-box-description\">\n\t\t\t\t\t\tAssistance with tax returns for individuals and businesses.\t\t\t\t\t<\/p>\n\t\t\t\t\n\t\t\t<\/div>\n\t\t\t\n\t\t<\/div>\n\t\t\t\t\t\t<\/div>\n\t\t\t\t<\/div>\n\t\t\t\t\t<\/div>\n\t\t\t\t<\/div>\n\t\t\t\t<\/div>\n\t\t","protected":false},"excerpt":{"rendered":"<p>Services Comprehensive accounting and audit services Accounting and audit services that provide clarity Accounting, payroll, financial statements, and audit services for businesses of all sizes and types. Company formation \/ business structure Assistance with company formation and all related matters. Accounting &amp; payroll Cost-effective accounting services for businesses of all sizes and types. Payroll systems [&hellip;]<\/p>\n","protected":false},"author":1,"featured_media":0,"parent":0,"menu_order":0,"comment_status":"closed","ping_status":"closed","template":"","meta":{"site-sidebar-layout":"no-sidebar","site-content-layout":"","ast-site-content-layout":"full-width-container","site-content-style":"unboxed","site-sidebar-style":"unboxed","ast-global-header-display":"","ast-banner-title-visibility":"","ast-main-header-display":"","ast-hfb-above-header-display":"","ast-hfb-below-header-display":"","ast-hfb-mobile-header-display":"","site-post-title":"disabled","ast-breadcrumbs-content":"","ast-featured-img":"","footer-sml-layout":"","ast-disable-related-posts":"","theme-transparent-header-meta":"default","adv-header-id-meta":"","stick-header-meta":"default","header-above-stick-meta":"","header-main-stick-meta":"","header-below-stick-meta":"","astra-migrate-meta-layouts":"default","ast-page-background-enabled":"default","ast-page-background-meta":{"desktop":{"background-color":"","background-image":"","background-repeat":"repeat","background-position":"center center","background-size":"auto","background-attachment":"scroll","background-type":"","background-media":"","overlay-type":"","overlay-color":"","overlay-opacity":"","overlay-gradient":""},"tablet":{"background-color":"","background-image":"","background-repeat":"repeat","background-position":"center center","background-size":"auto","background-attachment":"scroll","background-type":"","background-media":"","overlay-type":"","overlay-color":"","overlay-opacity":"","overlay-gradient":""},"mobile":{"background-color":"","background-image":"","background-repeat":"repeat","background-position":"center center","background-size":"auto","background-attachment":"scroll","background-type":"","background-media":"","overlay-type":"","overlay-color":"","overlay-opacity":"","overlay-gradient":""}},"ast-content-background-meta":{"desktop":{"background-color":"var(--ast-global-color-5)","background-image":"","background-repeat":"repeat","background-position":"center center","background-size":"auto","background-attachment":"scroll","background-type":"","background-media":"","overlay-type":"","overlay-color":"","overlay-opacity":"","overlay-gradient":""},"tablet":{"background-color":"var(--ast-global-color-5)","background-image":"","background-repeat":"repeat","background-position":"center center","background-size":"auto","background-attachment":"scroll","background-type":"","background-media":"","overlay-type":"","overlay-color":"","overlay-opacity":"","overlay-gradient":""},"mobile":{"background-color":"var(--ast-global-color-5)","background-image":"","background-repeat":"repeat","background-position":"center center","background-size":"auto","background-attachment":"scroll","background-type":"","background-media":"","overlay-type":"","overlay-color":"","overlay-opacity":"","overlay-gradient":""}},"footnotes":""},"class_list":["post-4062","page","type-page","status-publish","hentry"],"yoast_head":"<!-- This site is optimized with the Yoast SEO plugin v27.5 - https:\/\/yoast.com\/product\/yoast-seo-wordpress\/ -->\n<title>Accounting and Auditing Services | Fj\u00e1rh\u00fasi\u00f0<\/title>\n<meta name=\"description\" content=\"Fj\u00e1rh\u00fasi\u00f0 provides accounting services, auditing, financial reporting and tax advice for companies of all sizes. Professional and reliable service.\" \/>\n<meta name=\"robots\" content=\"index, follow, max-snippet:-1, max-image-preview:large, max-video-preview:-1\" \/>\n<link rel=\"canonical\" href=\"https:\/\/fjarhusid.is\/en\/services-2\/\" \/>\n<meta property=\"og:locale\" content=\"en_US\" \/>\n<meta property=\"og:type\" content=\"article\" \/>\n<meta property=\"og:title\" content=\"Accounting and Auditing Services | Fj\u00e1rh\u00fasi\u00f0\" \/>\n<meta property=\"og:description\" content=\"Fj\u00e1rh\u00fasi\u00f0 provides accounting services, auditing, financial reporting and tax advice for companies of all sizes. Professional and reliable service.\" \/>\n<meta property=\"og:url\" content=\"https:\/\/fjarhusid.is\/en\/services-2\/\" \/>\n<meta property=\"og:site_name\" content=\"Fj\u00e1rh\u00fasi\u00f0 endursko\u00f0un\" \/>\n<meta property=\"article:publisher\" content=\"https:\/\/www.facebook.com\/fjarhusid\/\" \/>\n<meta property=\"article:modified_time\" content=\"2026-01-19T16:39:05+00:00\" \/>\n<meta name=\"twitter:card\" content=\"summary_large_image\" \/>\n<meta name=\"twitter:label1\" content=\"Est. reading time\" \/>\n\t<meta name=\"twitter:data1\" content=\"1 minute\" \/>\n<script type=\"application\/ld+json\" class=\"yoast-schema-graph\">{\"@context\":\"https:\\\/\\\/schema.org\",\"@graph\":[{\"@type\":\"WebPage\",\"@id\":\"https:\\\/\\\/fjarhusid.is\\\/en\\\/services-2\\\/\",\"url\":\"https:\\\/\\\/fjarhusid.is\\\/en\\\/services-2\\\/\",\"name\":\"Accounting and Auditing Services | Fj\u00e1rh\u00fasi\u00f0\",\"isPartOf\":{\"@id\":\"https:\\\/\\\/fjarhusid.is\\\/en\\\/#website\"},\"datePublished\":\"2026-01-14T08:25:56+00:00\",\"dateModified\":\"2026-01-19T16:39:05+00:00\",\"description\":\"Fj\u00e1rh\u00fasi\u00f0 provides accounting services, auditing, financial reporting and tax advice for companies of all sizes. Professional and reliable service.\",\"breadcrumb\":{\"@id\":\"https:\\\/\\\/fjarhusid.is\\\/en\\\/services-2\\\/#breadcrumb\"},\"inLanguage\":\"en-US\",\"potentialAction\":[{\"@type\":\"ReadAction\",\"target\":[\"https:\\\/\\\/fjarhusid.is\\\/en\\\/services-2\\\/\"]}]},{\"@type\":\"BreadcrumbList\",\"@id\":\"https:\\\/\\\/fjarhusid.is\\\/en\\\/services-2\\\/#breadcrumb\",\"itemListElement\":[{\"@type\":\"ListItem\",\"position\":1,\"name\":\"Home\",\"item\":\"https:\\\/\\\/fjarhusid.is\\\/en\\\/\"},{\"@type\":\"ListItem\",\"position\":2,\"name\":\"Services\"}]},{\"@type\":\"WebSite\",\"@id\":\"https:\\\/\\\/fjarhusid.is\\\/en\\\/#website\",\"url\":\"https:\\\/\\\/fjarhusid.is\\\/en\\\/\",\"name\":\"Fj\u00e1rh\u00fasi\u00f0 endursko\u00f0un\",\"description\":\"Vi\u00f0 sj\u00e1um um b\u00f3khaldi\u00f0\",\"publisher\":{\"@id\":\"https:\\\/\\\/fjarhusid.is\\\/en\\\/#organization\"},\"potentialAction\":[{\"@type\":\"SearchAction\",\"target\":{\"@type\":\"EntryPoint\",\"urlTemplate\":\"https:\\\/\\\/fjarhusid.is\\\/en\\\/?s={search_term_string}\"},\"query-input\":{\"@type\":\"PropertyValueSpecification\",\"valueRequired\":true,\"valueName\":\"search_term_string\"}}],\"inLanguage\":\"en-US\"},{\"@type\":\"Organization\",\"@id\":\"https:\\\/\\\/fjarhusid.is\\\/en\\\/#organization\",\"name\":\"Fj\u00e1rh\u00fasi\u00f0 - Spekt ehf\",\"url\":\"https:\\\/\\\/fjarhusid.is\\\/en\\\/\",\"logo\":{\"@type\":\"ImageObject\",\"inLanguage\":\"en-US\",\"@id\":\"https:\\\/\\\/fjarhusid.is\\\/en\\\/#\\\/schema\\\/logo\\\/image\\\/\",\"url\":null,\"contentUrl\":null,\"width\":null,\"height\":null,\"caption\":\"Fj\u00e1rh\u00fasi\u00f0 - Spekt ehf\"},\"image\":{\"@id\":\"https:\\\/\\\/fjarhusid.is\\\/en\\\/#\\\/schema\\\/logo\\\/image\\\/\"},\"sameAs\":[\"https:\\\/\\\/www.facebook.com\\\/fjarhusid\\\/\"]}]}<\/script>\n<!-- \/ Yoast SEO plugin. -->","yoast_head_json":{"title":"Accounting and Auditing Services | Fj\u00e1rh\u00fasi\u00f0","description":"Fj\u00e1rh\u00fasi\u00f0 provides accounting services, auditing, financial reporting and tax advice for companies of all sizes. Professional and reliable service.","robots":{"index":"index","follow":"follow","max-snippet":"max-snippet:-1","max-image-preview":"max-image-preview:large","max-video-preview":"max-video-preview:-1"},"canonical":"https:\/\/fjarhusid.is\/en\/services-2\/","og_locale":"en_US","og_type":"article","og_title":"Accounting and Auditing Services | Fj\u00e1rh\u00fasi\u00f0","og_description":"Fj\u00e1rh\u00fasi\u00f0 provides accounting services, auditing, financial reporting and tax advice for companies of all sizes. Professional and reliable service.","og_url":"https:\/\/fjarhusid.is\/en\/services-2\/","og_site_name":"Fj\u00e1rh\u00fasi\u00f0 endursko\u00f0un","article_publisher":"https:\/\/www.facebook.com\/fjarhusid\/","article_modified_time":"2026-01-19T16:39:05+00:00","twitter_card":"summary_large_image","twitter_misc":{"Est. reading time":"1 minute"},"schema":{"@context":"https:\/\/schema.org","@graph":[{"@type":"WebPage","@id":"https:\/\/fjarhusid.is\/en\/services-2\/","url":"https:\/\/fjarhusid.is\/en\/services-2\/","name":"Accounting and Auditing Services | Fj\u00e1rh\u00fasi\u00f0","isPartOf":{"@id":"https:\/\/fjarhusid.is\/en\/#website"},"datePublished":"2026-01-14T08:25:56+00:00","dateModified":"2026-01-19T16:39:05+00:00","description":"Fj\u00e1rh\u00fasi\u00f0 provides accounting services, auditing, financial reporting and tax advice for companies of all sizes. Professional and reliable service.","breadcrumb":{"@id":"https:\/\/fjarhusid.is\/en\/services-2\/#breadcrumb"},"inLanguage":"en-US","potentialAction":[{"@type":"ReadAction","target":["https:\/\/fjarhusid.is\/en\/services-2\/"]}]},{"@type":"BreadcrumbList","@id":"https:\/\/fjarhusid.is\/en\/services-2\/#breadcrumb","itemListElement":[{"@type":"ListItem","position":1,"name":"Home","item":"https:\/\/fjarhusid.is\/en\/"},{"@type":"ListItem","position":2,"name":"Services"}]},{"@type":"WebSite","@id":"https:\/\/fjarhusid.is\/en\/#website","url":"https:\/\/fjarhusid.is\/en\/","name":"Fj\u00e1rh\u00fasi\u00f0 endursko\u00f0un","description":"Vi\u00f0 sj\u00e1um um b\u00f3khaldi\u00f0","publisher":{"@id":"https:\/\/fjarhusid.is\/en\/#organization"},"potentialAction":[{"@type":"SearchAction","target":{"@type":"EntryPoint","urlTemplate":"https:\/\/fjarhusid.is\/en\/?s={search_term_string}"},"query-input":{"@type":"PropertyValueSpecification","valueRequired":true,"valueName":"search_term_string"}}],"inLanguage":"en-US"},{"@type":"Organization","@id":"https:\/\/fjarhusid.is\/en\/#organization","name":"Fj\u00e1rh\u00fasi\u00f0 - Spekt ehf","url":"https:\/\/fjarhusid.is\/en\/","logo":{"@type":"ImageObject","inLanguage":"en-US","@id":"https:\/\/fjarhusid.is\/en\/#\/schema\/logo\/image\/","url":null,"contentUrl":null,"width":null,"height":null,"caption":"Fj\u00e1rh\u00fasi\u00f0 - Spekt ehf"},"image":{"@id":"https:\/\/fjarhusid.is\/en\/#\/schema\/logo\/image\/"},"sameAs":["https:\/\/www.facebook.com\/fjarhusid\/"]}]}},"jetpack_sharing_enabled":true,"_links":{"self":[{"href":"https:\/\/fjarhusid.is\/en\/wp-json\/wp\/v2\/pages\/4062","targetHints":{"allow":["GET"]}}],"collection":[{"href":"https:\/\/fjarhusid.is\/en\/wp-json\/wp\/v2\/pages"}],"about":[{"href":"https:\/\/fjarhusid.is\/en\/wp-json\/wp\/v2\/types\/page"}],"author":[{"embeddable":true,"href":"https:\/\/fjarhusid.is\/en\/wp-json\/wp\/v2\/users\/1"}],"replies":[{"embeddable":true,"href":"https:\/\/fjarhusid.is\/en\/wp-json\/wp\/v2\/comments?post=4062"}],"version-history":[{"count":2,"href":"https:\/\/fjarhusid.is\/en\/wp-json\/wp\/v2\/pages\/4062\/revisions"}],"predecessor-version":[{"id":4099,"href":"https:\/\/fjarhusid.is\/en\/wp-json\/wp\/v2\/pages\/4062\/revisions\/4099"}],"wp:attachment":[{"href":"https:\/\/fjarhusid.is\/en\/wp-json\/wp\/v2\/media?parent=4062"}],"curies":[{"name":"wp","href":"https:\/\/api.w.org\/{rel}","templated":true}]}}